{"id":519,"date":"2018-04-18T09:39:31","date_gmt":"2018-04-18T09:39:31","guid":{"rendered":"https:\/\/virtusmind.com\/?page_id=519"},"modified":"2021-01-28T05:45:16","modified_gmt":"2021-01-28T05:45:16","slug":"contact-04","status":"publish","type":"page","link":"https:\/\/virtusmind.com\/it\/contact-04\/","title":{"rendered":"Contact 04"},"content":{"rendered":"<p>[vc_row][vc_column]\r\n\t\t<div class=\"themesflat-spacer\" data-desktop=\"9\" data-mobile=\"0\" data-smobile=\"0\">\t\t\t\r\n\t\t<\/div><div class=\"title-section center  center\">\r\n\t\t\r\n\t\t\t<div class=\"top-title\">\r\n\t\t\t\tGet in Touch\r\n\t\t\t<\/div>\r\n\t\t<h2 class=\"title\" style=\"\t\t\tfont-size: 35px;\t\t\tfont-weight: 400;\t\t\tline-height: 49px;\t\t\tcolor: #111111;\t\t\tmargin-bottom: 0px;\t\t\tletter-spacing: 0px;\t\t\">\r\n\t\t\tLet's Talk about Your Business\r\n\t\t<\/h2>\t\r\n\t\t<div class=\"title-line\"><\/div>\t\t\t\r\n\t\t\r\n\r\n\t<\/div>\r\n\t\t<div class=\"themesflat-spacer\" data-desktop=\"30\" data-mobile=\"20\" data-smobile=\"20\">\t\t\t\r\n\t\t<\/div>[vc_row_inner][vc_column_inner width=&#8221;1\/2&#8243;]<div class=\"themesflat-maps\" data-address=\"Lu\u00e2n \u0110\u00f4n, V\u01b0\u01a1ng Qu\u1ed1c Anh\" data-height=\"400\" data-images=\"\" data-name=\"Themesflat Map\" data-images_layout_address=\"\" data-address_x=\"34\" data-address_y=\"-186\">\r\n        <div id=\"map\"><\/div>\r\n    \t<\/div><!-- \/.themesflat-maps -->\r\n\t\t<div class=\"themesflat-spacer\" data-desktop=\"0\" data-mobile=\"30\" data-smobile=\"30\">\t\t\t\r\n\t\t<\/div>[\/vc_column_inner][vc_column_inner width=&#8221;1\/2&#8243;]<div role=\"form\" class=\"wpcf7\" id=\"wpcf7-f492-o1\" lang=\"en-US\" dir=\"ltr\">\n<div class=\"screen-reader-response\"><p role=\"status\" aria-live=\"polite\" aria-atomic=\"true\"><\/p> <ul><\/ul><\/div>\n<form action=\"\/it\/wp-json\/wp\/v2\/pages\/519#wpcf7-f492-o1\" method=\"post\" class=\"wpcf7-form init\" novalidate=\"novalidate\" data-status=\"init\" data-trp-original-action=\"\/it\/wp-json\/wp\/v2\/pages\/519#wpcf7-f492-o1\">\n<div style=\"display: none;\">\n<input type=\"hidden\" name=\"_wpcf7\" value=\"492\" \/>\n<input type=\"hidden\" name=\"_wpcf7_version\" value=\"5.3.2\" \/>\n<input type=\"hidden\" name=\"_wpcf7_locale\" value=\"en_US\" \/>\n<input type=\"hidden\" name=\"_wpcf7_unit_tag\" value=\"wpcf7-f492-o1\" \/>\n<input type=\"hidden\" name=\"_wpcf7_container_post\" value=\"0\" \/>\n<input type=\"hidden\" name=\"_wpcf7_posted_data_hash\" value=\"\" \/>\n<input type=\"hidden\" name=\"_wpcf7_recaptcha_response\" value=\"\" \/>\n<\/div>\n<div class=\"contact-form-box\">\n<div class=\"one-column\"> <span class=\"wpcf7-form-control-wrap your-subject\"><input type=\"text\" name=\"your-subject\" value=\"Subject\" size=\"40\" class=\"wpcf7-form-control wpcf7-text\" aria-invalid=\"false\" \/><\/span><\/div>\n<div class=\"one-half\">\n    <span class=\"wpcf7-form-control-wrap your-name\"><input type=\"text\" name=\"your-name\" value=\"Name\" size=\"40\" class=\"wpcf7-form-control wpcf7-text wpcf7-validates-as-required\" aria-required=\"true\" aria-invalid=\"false\" \/><\/span>\n<\/div>\n<div class=\"one-half\">\n    <span class=\"wpcf7-form-control-wrap your-email\"><input type=\"email\" name=\"your-email\" value=\"E-mail\" size=\"40\" class=\"wpcf7-form-control wpcf7-text wpcf7-email wpcf7-validates-as-required wpcf7-validates-as-email\" aria-required=\"true\" aria-invalid=\"false\" \/><\/span>\n<\/div>\n<div class=\"one-column\"><span class=\"wpcf7-form-control-wrap your-message\"><textarea name=\"your-message\" cols=\"40\" rows=\"10\" class=\"wpcf7-form-control wpcf7-textarea\" aria-invalid=\"false\">Message<\/textarea><\/span><\/div>\n<div class=\"one-column\"><input type=\"submit\" value=\"Send Message\" class=\"wpcf7-form-control wpcf7-submit\" \/><\/div>\n<\/div>\n<div class=\"wpcf7-response-output\" aria-hidden=\"true\"><\/div><input type=\"hidden\" name=\"trp-form-language\" value=\"it\"\/><\/form><\/div>[\/vc_column_inner][\/vc_row_inner][\/vc_column][\/vc_row][vc_row][vc_column]\r\n\t\t<div class=\"themesflat-spacer\" data-desktop=\"36\" data-mobile=\"30\" data-smobile=\"30\">\t\t\t\r\n\t\t<\/div>[vc_row_inner][vc_column_inner width=&#8221;1\/3&#8243;]<div class=\"themesflat_iconbox themesflat_hover  inline-left style3 square themesflat_1524044110\" >\r\n\t\t\r\n\t\t<div class=\"iconbox-icon\" style=\"width: 80px;height: 80px;background-color: #333333\"><div class=\"icon\" style=\"width: 80px;height: 80px;background-color: #333333\"><span class=\"fa fa-phone\" style=\"line-height: 80px;color: #ffffff;font-size: 30px\"><\/span><\/div><\/div>\r\n\t\t\r\n\t\t<div class=\"iconbox-content\" style=\"\t\t\ttext-align: unset;\t\t\">\r\n\t\t\t<h4 class=\"title\" style=\"font-size: 20px;font-weight: 400;color: #111111\">Phone<\/h4>\r\n\t\t\t\r\n\t\t\t<ul>\n<li>(+123)123-456-789<\/li>\n<li>(+321)987-654-321<\/li>\n<\/ul>\n\r\n\t\t\t\r\n\t\t<\/div>\r\n\t<\/div>[\/vc_column_inner][vc_column_inner width=&#8221;1\/3&#8243;]<div class=\"themesflat_iconbox themesflat_hover  inline-left style3 square themesflat_1524044110\" >\r\n\t\t\r\n\t\t<div class=\"iconbox-icon\" style=\"width: 80px;height: 80px;background-color: #333333\"><div class=\"icon\" style=\"width: 80px;height: 80px;background-color: #333333\"><span class=\"fa fa-envelope-open\" style=\"line-height: 80px;color: #ffffff;font-size: 30px\"><\/span><\/div><\/div>\r\n\t\t\r\n\t\t<div class=\"iconbox-content\" style=\"\t\t\ttext-align: unset;\t\t\">\r\n\t\t\t<h4 class=\"title\" style=\"font-size: 20px;font-weight: 400;color: #111111\">Message<\/h4>\r\n\t\t\t\r\n\t\t\t<ul>\n<li>specthemes@gmail.com<\/li>\n<li>example@gmail.com<\/li>\n<\/ul>\n\r\n\t\t\t\r\n\t\t<\/div>\r\n\t<\/div>[\/vc_column_inner][vc_column_inner width=&#8221;1\/3&#8243;]<div class=\"themesflat_iconbox themesflat_hover  inline-left style3 square themesflat_1524044110\" >\r\n\t\t\r\n\t\t<div class=\"iconbox-icon\" style=\"width: 80px;height: 80px;background-color: #333333\"><div class=\"icon\" style=\"width: 80px;height: 80px;background-color: #333333\"><span class=\"fa fa-globe\" style=\"line-height: 80px;color: #ffffff;font-size: 30px\"><\/span><\/div><\/div>\r\n\t\t\r\n\t\t<div class=\"iconbox-content\" style=\"\t\t\ttext-align: unset;\t\t\">\r\n\t\t\t<h4 class=\"title\" style=\"font-size: 20px;font-weight: 400;color: #111111\">Our Location<\/h4>\r\n\t\t\t\r\n\t\t\t<ul>\n<li>New York, NY Sheram 113<\/li>\n<li>London, Sheram 113\/11 9007<\/li>\n<\/ul>\n\r\n\t\t\t\r\n\t\t<\/div>\r\n\t<\/div>[\/vc_column_inner][\/vc_row_inner]\r\n\t\t<div class=\"themesflat-spacer\" data-desktop=\"71\" data-mobile=\"40\" data-smobile=\"30\">\t\t\t\r\n\t\t<\/div>[\/vc_column][\/vc_row]<\/p>\n<p>[Imagepopup]<\/p>","protected":false},"excerpt":{"rendered":"<p>[vc_row][vc_column][vc_row_inner][vc_column_inner width=&#8221;1\/2&#8243;][\/vc_column_inner][vc_column_inner width=&#8221;1\/2&#8243;][\/vc_column_inner][\/vc_row_inner][\/vc_column][\/vc_row][vc_row][vc_column][vc_row_inner][vc_column_inner width=&#8221;1\/3&#8243;][\/vc_column_inner][vc_column_inner width=&#8221;1\/3&#8243;][\/vc_column_inner][vc_column_inner width=&#8221;1\/3&#8243;][\/vc_column_inner][\/vc_row_inner][\/vc_column][\/vc_row] [Imagepopup]<\/p>","protected":false},"author":1,"featured_media":0,"parent":0,"menu_order":0,"comment_status":"closed","ping_status":"closed","template":"tpl\/page_fullwidth.php","meta":[],"_links":{"self":[{"href":"https:\/\/virtusmind.com\/it\/wp-json\/wp\/v2\/pages\/519"}],"collection":[{"href":"https:\/\/virtusmind.com\/it\/wp-json\/wp\/v2\/pages"}],"about":[{"href":"https:\/\/virtusmind.com\/it\/wp-json\/wp\/v2\/types\/page"}],"author":[{"embeddable":true,"href":"https:\/\/virtusmind.com\/it\/wp-json\/wp\/v2\/users\/1"}],"replies":[{"embeddable":true,"href":"https:\/\/virtusmind.com\/it\/wp-json\/wp\/v2\/comments?post=519"}],"version-history":[{"count":11,"href":"https:\/\/virtusmind.com\/it\/wp-json\/wp\/v2\/pages\/519\/revisions"}],"predecessor-version":[{"id":3734,"href":"https:\/\/virtusmind.com\/it\/wp-json\/wp\/v2\/pages\/519\/revisions\/3734"}],"wp:attachment":[{"href":"https:\/\/virtusmind.com\/it\/wp-json\/wp\/v2\/media?parent=519"}],"curies":[{"name":"wp","href":"https:\/\/api.w.org\/{rel}","templated":true}]}}